{"id":441,"date":"2024-04-14T13:55:41","date_gmt":"2024-04-14T11:55:41","guid":{"rendered":"https:\/\/yidier.es\/index.php\/producto\/street-apd\/"},"modified":"2024-04-14T13:56:18","modified_gmt":"2024-04-14T11:56:18","slug":"street-apd","status":"publish","type":"product","link":"https:\/\/yidier.es\/index.php\/producto\/street-apd\/","title":{"rendered":"Street APD"},"content":{"rendered":"<p>Te presentamos esta magn\u00edfica sudadera con capucha y cremallera, un b\u00e1sico para tus looks diarios. Confeccionada con un 95% de poli\u00e9ster reciclado, te permite combinar sostenibilidad y estilo. Esta sudadera con capucha unisex, suave por dentro y por fuera, tiene un ajuste holgado con hombros ca\u00eddos. Adem\u00e1s, est\u00e1 dise\u00f1ada para durar por muchos a\u00f1os.<\/p>\n<p>\u2022 95% poli\u00e9ster reciclado y 5% spandex<br \/>\n\u2022 Peso del tejido 308 g\/m\u00b2 (9,08 oz\/yd\u00b2)<br \/>\n\u2022 Tejido suave con tacto de algod\u00f3n en el exterior y pa\u00f1o grueso y suave cepillado en el interior<br \/>\n\u2022 Corte holgado unisex con hombros ca\u00eddos<br \/>\n\u2022 Capucha de doble forro<br \/>\n\u2022 Parche de media luna en el interior de la espalda<br \/>\n\u2022 Etiqueta de cuidado extra\u00edble <br \/>\n\u2022 Cuello y pu\u00f1os del mismo tejido<br \/>\n\u2022 Cordones y cremallera premium con detalles met\u00e1licos<br \/>\n\u2022 El tejido de este producto cuenta con las certificaciones GRS (Global Recycled Standard) y OEKO-TEX Standard 100 <br \/>\n\u2022 Componentes del producto base procedentes de China y Estados Unidos<\/p>\n","protected":false},"excerpt":{"rendered":"<p>Te presentamos esta magn\u00edfica sudadera con capucha y cremallera, un b\u00e1sico para tus looks diarios. Confeccionada con un 95% de poli\u00e9ster reciclado, te permite combinar sostenibilidad y estilo. Esta sudadera&#8230;<\/p>\n","protected":false},"featured_media":455,"comment_status":"open","ping_status":"closed","template":"","meta":{"_monsterinsights_skip_tracking":false,"_monsterinsights_sitenote_active":false,"_monsterinsights_sitenote_note":"","_monsterinsights_sitenote_category":0},"product_cat":[27],"product_tag":[],"aioseo_notices":[],"jetpack_sharing_enabled":true,"_links":{"self":[{"href":"https:\/\/yidier.es\/index.php\/wp-json\/wp\/v2\/product\/441"}],"collection":[{"href":"https:\/\/yidier.es\/index.php\/wp-json\/wp\/v2\/product"}],"about":[{"href":"https:\/\/yidier.es\/index.php\/wp-json\/wp\/v2\/types\/product"}],"replies":[{"embeddable":true,"href":"https:\/\/yidier.es\/index.php\/wp-json\/wp\/v2\/comments?post=441"}],"wp:featuredmedia":[{"embeddable":true,"href":"https:\/\/yidier.es\/index.php\/wp-json\/wp\/v2\/media\/455"}],"wp:attachment":[{"href":"https:\/\/yidier.es\/index.php\/wp-json\/wp\/v2\/media?parent=441"}],"wp:term":[{"taxonomy":"product_cat","embeddable":true,"href":"https:\/\/yidier.es\/index.php\/wp-json\/wp\/v2\/product_cat?post=441"},{"taxonomy":"product_tag","embeddable":true,"href":"https:\/\/yidier.es\/index.php\/wp-json\/wp\/v2\/product_tag?post=441"}],"curies":[{"name":"wp","href":"https:\/\/api.w.org\/{rel}","templated":true}]}}