{"id":436,"date":"2024-04-14T12:33:57","date_gmt":"2024-04-14T10:33:57","guid":{"rendered":"https:\/\/yidier.es\/index.php\/producto\/parla-patas\/"},"modified":"2024-04-14T12:34:27","modified_gmt":"2024-04-14T10:34:27","slug":"parla-patas","status":"publish","type":"product","link":"https:\/\/yidier.es\/index.php\/producto\/parla-patas\/","title":{"rendered":"Parla Patas"},"content":{"rendered":"<p>\u00a1C\u00f3mprale a tu amigo peludo el mejor plato para mascotas! Gracias a su fabricaci\u00f3n en acero inoxidable y a su base de goma antideslizante, tu mascota estar\u00e1 c\u00f3moda y contenta durante las comidas. Dise\u00f1ado con materiales de calidad y teniendo en mente su funcionalidad, este plato est\u00e1 hecho para resistir.<\/p>\n<p>\u2022 Acero inoxidable de doble pared<br \/>\n\u2022 Base de goma antideslizante<br \/>\n\u2022 Apto para uso alimentario<br \/>\n\u2022 Apto para lavavajillas, siempre y cuando se retire la base de goma<\/p>\n","protected":false},"excerpt":{"rendered":"<p>\u00a1C\u00f3mprale a tu amigo peludo el mejor plato para mascotas! Gracias a su fabricaci\u00f3n en acero inoxidable y a su base de goma antideslizante, tu mascota estar\u00e1 c\u00f3moda y contenta&#8230;<\/p>\n","protected":false},"featured_media":439,"comment_status":"open","ping_status":"closed","template":"","meta":{"_monsterinsights_skip_tracking":false,"_monsterinsights_sitenote_active":false,"_monsterinsights_sitenote_note":"","_monsterinsights_sitenote_category":0},"product_cat":[27],"product_tag":[],"aioseo_notices":[],"jetpack_sharing_enabled":true,"_links":{"self":[{"href":"https:\/\/yidier.es\/index.php\/wp-json\/wp\/v2\/product\/436"}],"collection":[{"href":"https:\/\/yidier.es\/index.php\/wp-json\/wp\/v2\/product"}],"about":[{"href":"https:\/\/yidier.es\/index.php\/wp-json\/wp\/v2\/types\/product"}],"replies":[{"embeddable":true,"href":"https:\/\/yidier.es\/index.php\/wp-json\/wp\/v2\/comments?post=436"}],"wp:featuredmedia":[{"embeddable":true,"href":"https:\/\/yidier.es\/index.php\/wp-json\/wp\/v2\/media\/439"}],"wp:attachment":[{"href":"https:\/\/yidier.es\/index.php\/wp-json\/wp\/v2\/media?parent=436"}],"wp:term":[{"taxonomy":"product_cat","embeddable":true,"href":"https:\/\/yidier.es\/index.php\/wp-json\/wp\/v2\/product_cat?post=436"},{"taxonomy":"product_tag","embeddable":true,"href":"https:\/\/yidier.es\/index.php\/wp-json\/wp\/v2\/product_tag?post=436"}],"curies":[{"name":"wp","href":"https:\/\/api.w.org\/{rel}","templated":true}]}}